{"id":3451,"date":"2023-01-30T15:55:59","date_gmt":"2023-01-30T15:55:59","guid":{"rendered":"https:\/\/prevencionymovimiento.online\/home\/?page_id=3451"},"modified":"2023-01-30T15:56:32","modified_gmt":"2023-01-30T15:56:32","slug":"donde-te-encontras","status":"publish","type":"page","link":"https:\/\/prevencionymovimiento.online\/home\/donde-te-encontras\/","title":{"rendered":"donde te encontr\u00e1s"},"content":{"rendered":"\t\t<div data-elementor-type=\"wp-page\" data-elementor-id=\"3451\" class=\"elementor elementor-3451\">\n\t\t\t\t\t\t<section class=\"elementor-section elementor-top-section elementor-element elementor-element-7a8c26f elementor-section-content-middle elementor-section-full_width elementor-section-height-default elementor-section-height-default wpr-particle-no wpr-jarallax-no wpr-parallax-no wpr-sticky-section-no wpr-column-slider-no wpr-equal-height-no\" data-id=\"7a8c26f\" data-element_type=\"section\" data-e-type=\"section\" data-settings=\"{&quot;background_background&quot;:&quot;classic&quot;}\">\n\t\t\t\t\t\t\t<div class=\"elementor-background-overlay\"><\/div>\n\t\t\t\t\t\t\t<div class=\"elementor-container elementor-column-gap-no\">\n\t\t\t\t\t<div class=\"elementor-column elementor-col-33 elementor-top-column elementor-element elementor-element-d5946cf\" data-id=\"d5946cf\" data-element_type=\"column\" data-e-type=\"column\">\n\t\t\t<div class=\"elementor-widget-wrap\">\n\t\t\t\t\t\t\t<\/div>\n\t\t<\/div>\n\t\t\t\t<div class=\"elementor-column elementor-col-33 elementor-top-column elementor-element elementor-element-2edd6d0\" data-id=\"2edd6d0\" data-element_type=\"column\" data-e-type=\"column\">\n\t\t\t<div class=\"elementor-widget-wrap elementor-element-populated\">\n\t\t\t\t\t\t<div class=\"elementor-element elementor-element-56341f5 elementor-hidden-tablet elementor-hidden-mobile elementor-widget elementor-widget-spacer\" data-id=\"56341f5\" data-element_type=\"widget\" data-e-type=\"widget\" data-widget_type=\"spacer.default\">\n\t\t\t\t<div class=\"elementor-widget-container\">\n\t\t\t\t\t\t\t<div class=\"elementor-spacer\">\n\t\t\t<div class=\"elementor-spacer-inner\"><\/div>\n\t\t<\/div>\n\t\t\t\t\t\t<\/div>\n\t\t\t\t<\/div>\n\t\t\t\t<div class=\"elementor-element elementor-element-41e9507 elementor-widget elementor-widget-heading\" data-id=\"41e9507\" data-element_type=\"widget\" data-e-type=\"widget\" data-widget_type=\"heading.default\">\n\t\t\t\t<div class=\"elementor-widget-container\">\n\t\t\t\t\t<h1 class=\"elementor-heading-title elementor-size-xxl\">\u00bfEn qu\u00e9 parte te encontr\u00e1s?<\/h1>\t\t\t\t<\/div>\n\t\t\t\t<\/div>\n\t\t\t\t<div class=\"elementor-element elementor-element-34a9824 elementor-hidden-desktop elementor-widget elementor-widget-spacer\" data-id=\"34a9824\" data-element_type=\"widget\" data-e-type=\"widget\" data-widget_type=\"spacer.default\">\n\t\t\t\t<div class=\"elementor-widget-container\">\n\t\t\t\t\t\t\t<div class=\"elementor-spacer\">\n\t\t\t<div class=\"elementor-spacer-inner\"><\/div>\n\t\t<\/div>\n\t\t\t\t\t\t<\/div>\n\t\t\t\t<\/div>\n\t\t\t\t<section class=\"elementor-section elementor-inner-section elementor-element elementor-element-0ded5ae elementor-section-boxed elementor-section-height-default elementor-section-height-default wpr-particle-no wpr-jarallax-no wpr-parallax-no wpr-sticky-section-no wpr-column-slider-no wpr-equal-height-no\" data-id=\"0ded5ae\" data-element_type=\"section\" data-e-type=\"section\">\n\t\t\t\t\t\t<div class=\"elementor-container elementor-column-gap-default\">\n\t\t\t\t\t<div class=\"elementor-column elementor-col-100 elementor-inner-column elementor-element elementor-element-4b78785\" data-id=\"4b78785\" data-element_type=\"column\" data-e-type=\"column\">\n\t\t\t<div class=\"elementor-widget-wrap elementor-element-populated\">\n\t\t\t\t\t\t<div class=\"elementor-element elementor-element-e0acaea elementor-align-justify elementor-mobile-align-justify elementor-widget elementor-widget-button\" data-id=\"e0acaea\" data-element_type=\"widget\" data-e-type=\"widget\" data-widget_type=\"button.default\">\n\t\t\t\t<div class=\"elementor-widget-container\">\n\t\t\t\t\t\t\t\t\t<div class=\"elementor-button-wrapper\">\n\t\t\t\t\t<a class=\"elementor-button elementor-button-link elementor-size-lg\" href=\"https:\/\/campus.prevencionymovimiento.online\/\">\n\t\t\t\t\t\t<span class=\"elementor-button-content-wrapper\">\n\t\t\t\t\t\t\t\t\t<span class=\"elementor-button-text\">RESIDO EN ARGENTINA<\/span>\n\t\t\t\t\t<\/span>\n\t\t\t\t\t<\/a>\n\t\t\t\t<\/div>\n\t\t\t\t\t\t\t\t<\/div>\n\t\t\t\t<\/div>\n\t\t\t\t<div class=\"elementor-element elementor-element-83ba3e1 elementor-align-justify elementor-mobile-align-justify elementor-widget elementor-widget-button\" data-id=\"83ba3e1\" data-element_type=\"widget\" data-e-type=\"widget\" data-widget_type=\"button.default\">\n\t\t\t\t<div class=\"elementor-widget-container\">\n\t\t\t\t\t\t\t\t\t<div class=\"elementor-button-wrapper\">\n\t\t\t\t\t<a class=\"elementor-button elementor-button-link elementor-size-lg\" href=\"https:\/\/prevencionymovimiento.online\/home\/talleres-individuales-prevencion\/\">\n\t\t\t\t\t\t<span class=\"elementor-button-content-wrapper\">\n\t\t\t\t\t\t\t\t\t<span class=\"elementor-button-text\">FUERA DE ARGENTINA<\/span>\n\t\t\t\t\t<\/span>\n\t\t\t\t\t<\/a>\n\t\t\t\t<\/div>\n\t\t\t\t\t\t\t\t<\/div>\n\t\t\t\t<\/div>\n\t\t\t\t\t<\/div>\n\t\t<\/div>\n\t\t\t\t\t<\/div>\n\t\t<\/section>\n\t\t\t\t<div class=\"elementor-element elementor-element-18afe61 elementor-widget-divider--view-line elementor-widget elementor-widget-divider\" data-id=\"18afe61\" data-element_type=\"widget\" data-e-type=\"widget\" data-widget_type=\"divider.default\">\n\t\t\t\t<div class=\"elementor-widget-container\">\n\t\t\t\t\t\t\t<div class=\"elementor-divider\">\n\t\t\t<span class=\"elementor-divider-separator\">\n\t\t\t\t\t\t<\/span>\n\t\t<\/div>\n\t\t\t\t\t\t<\/div>\n\t\t\t\t<\/div>\n\t\t\t\t<section class=\"elementor-section elementor-inner-section elementor-element elementor-element-3466e80 elementor-section-content-middle elementor-section-boxed elementor-section-height-default elementor-section-height-default wpr-particle-no wpr-jarallax-no wpr-parallax-no wpr-sticky-section-no wpr-column-slider-no wpr-equal-height-no\" data-id=\"3466e80\" data-element_type=\"section\" data-e-type=\"section\">\n\t\t\t\t\t\t<div class=\"elementor-container elementor-column-gap-no\">\n\t\t\t\t\t<div class=\"elementor-column elementor-col-100 elementor-inner-column elementor-element elementor-element-afd3816\" data-id=\"afd3816\" data-element_type=\"column\" data-e-type=\"column\">\n\t\t\t<div class=\"elementor-widget-wrap elementor-element-populated\">\n\t\t\t\t\t\t<div class=\"elementor-element elementor-element-c0c9454 elementor-widget elementor-widget-spacer\" data-id=\"c0c9454\" data-element_type=\"widget\" data-e-type=\"widget\" data-widget_type=\"spacer.default\">\n\t\t\t\t<div class=\"elementor-widget-container\">\n\t\t\t\t\t\t\t<div class=\"elementor-spacer\">\n\t\t\t<div class=\"elementor-spacer-inner\"><\/div>\n\t\t<\/div>\n\t\t\t\t\t\t<\/div>\n\t\t\t\t<\/div>\n\t\t\t\t\t<\/div>\n\t\t<\/div>\n\t\t\t\t\t<\/div>\n\t\t<\/section>\n\t\t\t\t\t<\/div>\n\t\t<\/div>\n\t\t\t\t<div class=\"elementor-column elementor-col-33 elementor-top-column elementor-element elementor-element-9824256\" data-id=\"9824256\" data-element_type=\"column\" data-e-type=\"column\">\n\t\t\t<div class=\"elementor-widget-wrap\">\n\t\t\t\t\t\t\t<\/div>\n\t\t<\/div>\n\t\t\t\t\t<\/div>\n\t\t<\/section>\n\t\t\t\t<\/div>\n\t\t","protected":false},"excerpt":{"rendered":"<p>\u00bfEn qu\u00e9 parte te encontr\u00e1s? RESIDO EN ARGENTINA FUERA DE ARGENTINA<\/p>\n","protected":false},"author":1,"featured_media":0,"parent":0,"menu_order":0,"comment_status":"closed","ping_status":"closed","template":"","meta":{"_monsterinsights_skip_tracking":false,"_monsterinsights_sitenote_active":false,"_monsterinsights_sitenote_note":"","_monsterinsights_sitenote_category":0,"site-sidebar-layout":"no-sidebar","site-content-layout":"page-builder","ast-site-content-layout":"default","site-content-style":"default","site-sidebar-style":"default","ast-global-header-display":"","ast-banner-title-visibility":"","ast-main-header-display":"","ast-hfb-above-header-display":"","ast-hfb-below-header-display":"","ast-hfb-mobile-header-display":"","site-post-title":"disabled","ast-breadcrumbs-content":"","ast-featured-img":"disabled","footer-sml-layout":"","ast-disable-related-posts":"","theme-transparent-header-meta":"","adv-header-id-meta":"","stick-header-meta":"","header-above-stick-meta":"","header-main-stick-meta":"","header-below-stick-meta":"","astra-migrate-meta-layouts":"default","ast-page-background-enabled":"default","ast-page-background-meta":{"desktop":{"background-color":"","background-image":"","background-repeat":"repeat","background-position":"center center","background-size":"auto","background-attachment":"scroll","background-type":"","background-media":"","overlay-type":"","overlay-color":"","overlay-opacity":"","overlay-gradient":""},"tablet":{"background-color":"","background-image":"","background-repeat":"repeat","background-position":"center center","background-size":"auto","background-attachment":"scroll","background-type":"","background-media":"","overlay-type":"","overlay-color":"","overlay-opacity":"","overlay-gradient":""},"mobile":{"background-color":"","background-image":"","background-repeat":"repeat","background-position":"center center","background-size":"auto","background-attachment":"scroll","background-type":"","background-media":"","overlay-type":"","overlay-color":"","overlay-opacity":"","overlay-gradient":""}},"ast-content-background-meta":{"desktop":{"background-color":"var(--ast-global-color-5)","background-image":"","background-repeat":"repeat","background-position":"center center","background-size":"auto","background-attachment":"scroll","background-type":"","background-media":"","overlay-type":"","overlay-color":"","overlay-opacity":"","overlay-gradient":""},"tablet":{"background-color":"var(--ast-global-color-5)","background-image":"","background-repeat":"repeat","background-position":"center center","background-size":"auto","background-attachment":"scroll","background-type":"","background-media":"","overlay-type":"","overlay-color":"","overlay-opacity":"","overlay-gradient":""},"mobile":{"background-color":"var(--ast-global-color-5)","background-image":"","background-repeat":"repeat","background-position":"center center","background-size":"auto","background-attachment":"scroll","background-type":"","background-media":"","overlay-type":"","overlay-color":"","overlay-opacity":"","overlay-gradient":""}},"footnotes":""},"class_list":["post-3451","page","type-page","status-publish","hentry"],"yoast_head":"<!-- This site is optimized with the Yoast SEO plugin v27.6 - https:\/\/yoast.com\/product\/yoast-seo-wordpress\/ -->\n<title>donde te encontr\u00e1s - Prevenci\u00f3n a trav\u00e9s del movimiento<\/title>\n<meta name=\"robots\" content=\"index, follow, max-snippet:-1, max-image-preview:large, max-video-preview:-1\" \/>\n<link rel=\"canonical\" href=\"https:\/\/prevencionymovimiento.online\/home\/donde-te-encontras\/\" \/>\n<meta property=\"og:locale\" content=\"es_ES\" \/>\n<meta property=\"og:type\" content=\"article\" \/>\n<meta property=\"og:title\" content=\"donde te encontr\u00e1s - Prevenci\u00f3n a trav\u00e9s del movimiento\" \/>\n<meta property=\"og:description\" content=\"\u00bfEn qu\u00e9 parte te encontr\u00e1s? RESIDO EN ARGENTINA FUERA DE ARGENTINA\" \/>\n<meta property=\"og:url\" content=\"https:\/\/prevencionymovimiento.online\/home\/donde-te-encontras\/\" \/>\n<meta property=\"og:site_name\" content=\"Prevenci\u00f3n a trav\u00e9s del movimiento\" \/>\n<meta property=\"article:publisher\" content=\"https:\/\/www.facebook.com\/diegorodriguezkinesiologo\/\" \/>\n<meta property=\"article:modified_time\" content=\"2023-01-30T15:56:32+00:00\" \/>\n<meta name=\"twitter:card\" content=\"summary_large_image\" \/>\n<meta name=\"twitter:label1\" content=\"Tiempo de lectura\" \/>\n\t<meta name=\"twitter:data1\" content=\"1 minuto\" \/>\n<script type=\"application\/ld+json\" class=\"yoast-schema-graph\">{\"@context\":\"https:\\\/\\\/schema.org\",\"@graph\":[{\"@type\":\"WebPage\",\"@id\":\"https:\\\/\\\/prevencionymovimiento.online\\\/home\\\/donde-te-encontras\\\/\",\"url\":\"https:\\\/\\\/prevencionymovimiento.online\\\/home\\\/donde-te-encontras\\\/\",\"name\":\"donde te encontr\u00e1s - Prevenci\u00f3n a trav\u00e9s del movimiento\",\"isPartOf\":{\"@id\":\"https:\\\/\\\/prevencionymovimiento.online\\\/home\\\/#website\"},\"datePublished\":\"2023-01-30T15:55:59+00:00\",\"dateModified\":\"2023-01-30T15:56:32+00:00\",\"breadcrumb\":{\"@id\":\"https:\\\/\\\/prevencionymovimiento.online\\\/home\\\/donde-te-encontras\\\/#breadcrumb\"},\"inLanguage\":\"es\",\"potentialAction\":[{\"@type\":\"ReadAction\",\"target\":[\"https:\\\/\\\/prevencionymovimiento.online\\\/home\\\/donde-te-encontras\\\/\"]}]},{\"@type\":\"BreadcrumbList\",\"@id\":\"https:\\\/\\\/prevencionymovimiento.online\\\/home\\\/donde-te-encontras\\\/#breadcrumb\",\"itemListElement\":[{\"@type\":\"ListItem\",\"position\":1,\"name\":\"Portada\",\"item\":\"https:\\\/\\\/prevencionymovimiento.online\\\/home\\\/\"},{\"@type\":\"ListItem\",\"position\":2,\"name\":\"donde te encontr\u00e1s\"}]},{\"@type\":\"WebSite\",\"@id\":\"https:\\\/\\\/prevencionymovimiento.online\\\/home\\\/#website\",\"url\":\"https:\\\/\\\/prevencionymovimiento.online\\\/home\\\/\",\"name\":\"Prevenci\u00f3n a trav\u00e9s del movimiento\",\"description\":\"Diego Rodr\u00edguez Kinesi\u00f3logo y Fisiatra\",\"publisher\":{\"@id\":\"https:\\\/\\\/prevencionymovimiento.online\\\/home\\\/#organization\"},\"alternateName\":\"Prevenci\u00f3n - Kinefilaxia\",\"inLanguage\":\"es\"},{\"@type\":\"Organization\",\"@id\":\"https:\\\/\\\/prevencionymovimiento.online\\\/home\\\/#organization\",\"name\":\"Prevencio y Movimiento\",\"alternateName\":\"Especialista en Kinefialxia Diego Rodr\u00edguez\",\"url\":\"https:\\\/\\\/prevencionymovimiento.online\\\/home\\\/\",\"logo\":{\"@type\":\"ImageObject\",\"inLanguage\":\"es\",\"@id\":\"https:\\\/\\\/prevencionymovimiento.online\\\/home\\\/#\\\/schema\\\/logo\\\/image\\\/\",\"url\":\"https:\\\/\\\/prevencionymovimiento.online\\\/wp-content\\\/uploads\\\/2021\\\/11\\\/iso___educaci__n_kin_JsR8c_adobespark.png\",\"contentUrl\":\"https:\\\/\\\/prevencionymovimiento.online\\\/wp-content\\\/uploads\\\/2021\\\/11\\\/iso___educaci__n_kin_JsR8c_adobespark.png\",\"width\":671,\"height\":264,\"caption\":\"Prevencio y Movimiento\"},\"image\":{\"@id\":\"https:\\\/\\\/prevencionymovimiento.online\\\/home\\\/#\\\/schema\\\/logo\\\/image\\\/\"},\"sameAs\":[\"https:\\\/\\\/www.facebook.com\\\/diegorodriguezkinesiologo\\\/\",\"https:\\\/\\\/www.instagram.com\\\/rdrgz.diego\\\/\"]}]}<\/script>\n<!-- \/ Yoast SEO plugin. -->","yoast_head_json":{"title":"donde te encontr\u00e1s - Prevenci\u00f3n a trav\u00e9s del movimiento","robots":{"index":"index","follow":"follow","max-snippet":"max-snippet:-1","max-image-preview":"max-image-preview:large","max-video-preview":"max-video-preview:-1"},"canonical":"https:\/\/prevencionymovimiento.online\/home\/donde-te-encontras\/","og_locale":"es_ES","og_type":"article","og_title":"donde te encontr\u00e1s - Prevenci\u00f3n a trav\u00e9s del movimiento","og_description":"\u00bfEn qu\u00e9 parte te encontr\u00e1s? RESIDO EN ARGENTINA FUERA DE ARGENTINA","og_url":"https:\/\/prevencionymovimiento.online\/home\/donde-te-encontras\/","og_site_name":"Prevenci\u00f3n a trav\u00e9s del movimiento","article_publisher":"https:\/\/www.facebook.com\/diegorodriguezkinesiologo\/","article_modified_time":"2023-01-30T15:56:32+00:00","twitter_card":"summary_large_image","twitter_misc":{"Tiempo de lectura":"1 minuto"},"schema":{"@context":"https:\/\/schema.org","@graph":[{"@type":"WebPage","@id":"https:\/\/prevencionymovimiento.online\/home\/donde-te-encontras\/","url":"https:\/\/prevencionymovimiento.online\/home\/donde-te-encontras\/","name":"donde te encontr\u00e1s - Prevenci\u00f3n a trav\u00e9s del movimiento","isPartOf":{"@id":"https:\/\/prevencionymovimiento.online\/home\/#website"},"datePublished":"2023-01-30T15:55:59+00:00","dateModified":"2023-01-30T15:56:32+00:00","breadcrumb":{"@id":"https:\/\/prevencionymovimiento.online\/home\/donde-te-encontras\/#breadcrumb"},"inLanguage":"es","potentialAction":[{"@type":"ReadAction","target":["https:\/\/prevencionymovimiento.online\/home\/donde-te-encontras\/"]}]},{"@type":"BreadcrumbList","@id":"https:\/\/prevencionymovimiento.online\/home\/donde-te-encontras\/#breadcrumb","itemListElement":[{"@type":"ListItem","position":1,"name":"Portada","item":"https:\/\/prevencionymovimiento.online\/home\/"},{"@type":"ListItem","position":2,"name":"donde te encontr\u00e1s"}]},{"@type":"WebSite","@id":"https:\/\/prevencionymovimiento.online\/home\/#website","url":"https:\/\/prevencionymovimiento.online\/home\/","name":"Prevenci\u00f3n a trav\u00e9s del movimiento","description":"Diego Rodr\u00edguez Kinesi\u00f3logo y Fisiatra","publisher":{"@id":"https:\/\/prevencionymovimiento.online\/home\/#organization"},"alternateName":"Prevenci\u00f3n - Kinefilaxia","inLanguage":"es"},{"@type":"Organization","@id":"https:\/\/prevencionymovimiento.online\/home\/#organization","name":"Prevencio y Movimiento","alternateName":"Especialista en Kinefialxia Diego Rodr\u00edguez","url":"https:\/\/prevencionymovimiento.online\/home\/","logo":{"@type":"ImageObject","inLanguage":"es","@id":"https:\/\/prevencionymovimiento.online\/home\/#\/schema\/logo\/image\/","url":"https:\/\/prevencionymovimiento.online\/wp-content\/uploads\/2021\/11\/iso___educaci__n_kin_JsR8c_adobespark.png","contentUrl":"https:\/\/prevencionymovimiento.online\/wp-content\/uploads\/2021\/11\/iso___educaci__n_kin_JsR8c_adobespark.png","width":671,"height":264,"caption":"Prevencio y Movimiento"},"image":{"@id":"https:\/\/prevencionymovimiento.online\/home\/#\/schema\/logo\/image\/"},"sameAs":["https:\/\/www.facebook.com\/diegorodriguezkinesiologo\/","https:\/\/www.instagram.com\/rdrgz.diego\/"]}]}},"_links":{"self":[{"href":"https:\/\/prevencionymovimiento.online\/home\/wp-json\/wp\/v2\/pages\/3451","targetHints":{"allow":["GET"]}}],"collection":[{"href":"https:\/\/prevencionymovimiento.online\/home\/wp-json\/wp\/v2\/pages"}],"about":[{"href":"https:\/\/prevencionymovimiento.online\/home\/wp-json\/wp\/v2\/types\/page"}],"author":[{"embeddable":true,"href":"https:\/\/prevencionymovimiento.online\/home\/wp-json\/wp\/v2\/users\/1"}],"replies":[{"embeddable":true,"href":"https:\/\/prevencionymovimiento.online\/home\/wp-json\/wp\/v2\/comments?post=3451"}],"version-history":[{"count":0,"href":"https:\/\/prevencionymovimiento.online\/home\/wp-json\/wp\/v2\/pages\/3451\/revisions"}],"wp:attachment":[{"href":"https:\/\/prevencionymovimiento.online\/home\/wp-json\/wp\/v2\/media?parent=3451"}],"curies":[{"name":"wp","href":"https:\/\/api.w.org\/{rel}","templated":true}]}}